{"id":2246,"date":"2020-12-21T09:24:12","date_gmt":"2020-12-21T09:24:12","guid":{"rendered":"https:\/\/fbi-medizintechnik.de\/imprint"},"modified":"2024-06-01T09:57:57","modified_gmt":"2024-06-01T09:57:57","slug":"imprint","status":"publish","type":"page","link":"https:\/\/fbi-medizintechnik.de\/en\/imprint","title":{"rendered":"Imprint"},"content":{"rendered":"<p>[et_pb_section fb_built=&#8221;1&#8243; custom_padding_last_edited=&#8221;on|phone&#8221; admin_label=&#8221;section&#8221; _builder_version=&#8221;4.16&#8243; background_image=&#8221;https:\/\/fbi-medizintechnik.de\/wp-content\/uploads\/2021\/02\/fbi-medizintechnik-titel-1.jpg&#8221; width=&#8221;100%&#8221; max_width=&#8221;100%&#8221; min_height=&#8221;266px&#8221; height=&#8221;693px&#8221; custom_padding=&#8221;215px||215px||true|false&#8221; custom_padding_tablet=&#8221;&#8221; custom_padding_phone=&#8221;150px||150px||true|false&#8221; background_last_edited=&#8221;on|phone&#8221; background_image_phone=&#8221;https:\/\/fbi-medizintechnik.de\/wp-content\/uploads\/2021\/03\/fbi-medizintechnik-titel-mobil-1.jpg&#8221; background_enable_image_phone=&#8221;on&#8221; da_disable_devices=&#8221;off|off|off&#8221; global_colors_info=&#8221;{}&#8221; title_text_phone=&#8221;fbi-medizintechnik-titel-mobil-1&#8243; da_is_popup=&#8221;off&#8221; da_exit_intent=&#8221;off&#8221; da_has_close=&#8221;on&#8221; da_alt_close=&#8221;off&#8221; da_dark_close=&#8221;off&#8221; da_not_modal=&#8221;on&#8221; da_is_singular=&#8221;off&#8221; da_with_loader=&#8221;off&#8221; da_has_shadow=&#8221;on&#8221;][et_pb_row column_structure=&#8221;1_2,1_2&#8243; _builder_version=&#8221;4.16&#8243; _module_preset=&#8221;default&#8221; width=&#8221;100%&#8221; max_width=&#8221;2560px&#8221; global_colors_info=&#8221;{}&#8221;][et_pb_column type=&#8221;1_2&#8243; _builder_version=&#8221;4.16&#8243; _module_preset=&#8221;default&#8221; global_colors_info=&#8221;{}&#8221;][\/et_pb_column][et_pb_column type=&#8221;1_2&#8243; _builder_version=&#8221;4.16&#8243; _module_preset=&#8221;default&#8221; global_colors_info=&#8221;{}&#8221;][et_pb_text _builder_version=&#8221;4.16&#8243; _module_preset=&#8221;default&#8221; text_font=&#8221;Roboto|500|||||||&#8221; text_text_color=&#8221;#158fbe&#8221; text_font_size=&#8221;52px&#8221; text_line_height=&#8221;1.5em&#8221; width_tablet=&#8221;&#8221; width_phone=&#8221;&#8221; width_last_edited=&#8221;on|desktop&#8221; max_width_tablet=&#8221;&#8221; max_width_phone=&#8221;&#8221; max_width_last_edited=&#8221;on|desktop&#8221; min_height_tablet=&#8221;&#8221; min_height_phone=&#8221;&#8221; min_height_last_edited=&#8221;on|desktop&#8221; height_tablet=&#8221;&#8221; height_phone=&#8221;&#8221; height_last_edited=&#8221;on|desktop&#8221; max_height_tablet=&#8221;&#8221; max_height_phone=&#8221;&#8221; max_height_last_edited=&#8221;on|desktop&#8221; custom_margin=&#8221;|||1px|false|false&#8221; custom_margin_tablet=&#8221;|||337px|false|false&#8221; custom_margin_phone=&#8221;270px|||11px|false|false&#8221; custom_margin_last_edited=&#8221;on|desktop&#8221; custom_padding_tablet=&#8221;&#8221; custom_padding_phone=&#8221;&#8221; custom_padding_last_edited=&#8221;on|desktop&#8221; text_font_tablet=&#8221;&#8221; text_font_phone=&#8221;&#8221; text_font_last_edited=&#8221;on|desktop&#8221; text_text_color_tablet=&#8221;&#8221; text_text_color_phone=&#8221;&#8221; text_text_color_last_edited=&#8221;on|desktop&#8221; text_font_size_tablet=&#8221;43px&#8221; text_font_size_phone=&#8221;40px&#8221; text_font_size_last_edited=&#8221;on|phone&#8221; text_letter_spacing_tablet=&#8221;&#8221; text_letter_spacing_phone=&#8221;&#8221; text_letter_spacing_last_edited=&#8221;on|desktop&#8221; text_line_height_tablet=&#8221;&#8221; text_line_height_phone=&#8221;&#8221; text_line_height_last_edited=&#8221;on|desktop&#8221; text_orientation_tablet=&#8221;&#8221; text_orientation_phone=&#8221;&#8221; text_orientation_last_edited=&#8221;on|desktop&#8221; background_layout_tablet=&#8221;&#8221; background_layout_phone=&#8221;&#8221; background_layout_last_edited=&#8221;on|desktop&#8221; module_alignment_tablet=&#8221;&#8221; module_alignment_phone=&#8221;&#8221; module_alignment_last_edited=&#8221;on|desktop&#8221; global_colors_info=&#8221;{}&#8221;]<\/p>\n<p style=\"text-align: left;\"><b>\u00bb<span>Innovative technology for your patient\u2019s outcome<\/span><\/b><b>\u00ab<\/b><\/p>\n<p>[\/et_pb_text][\/et_pb_column][\/et_pb_row][\/et_pb_section][et_pb_section fb_built=&#8221;1&#8243; _builder_version=&#8221;4.16&#8243; background_color=&#8221;rgba(0,0,0,0)&#8221; custom_padding=&#8221;0px||0px||true|&#8221; da_disable_devices=&#8221;off|off|off&#8221; border_width_all=&#8221;1px&#8221; border_color_all=&#8221;#158fbe&#8221; saved_tabs=&#8221;all&#8221; global_colors_info=&#8221;{}&#8221; da_is_popup=&#8221;off&#8221; da_exit_intent=&#8221;off&#8221; da_has_close=&#8221;on&#8221; da_alt_close=&#8221;off&#8221; da_dark_close=&#8221;off&#8221; da_not_modal=&#8221;on&#8221; da_is_singular=&#8221;off&#8221; da_with_loader=&#8221;off&#8221; da_has_shadow=&#8221;on&#8221;][et_pb_row column_structure=&#8221;1_6,1_6,1_6,1_6,1_6,1_6&#8243; use_custom_gutter=&#8221;on&#8221; gutter_width=&#8221;1&#8243; make_equal=&#8221;on&#8221; module_class=&#8221;flip-box-row&#8221; _builder_version=&#8221;4.17.4&#8243; background_color=&#8221;#374650&#8243; width=&#8221;100%&#8221; max_width=&#8221;100%&#8221; min_height=&#8221;196px&#8221; custom_padding=&#8221;2px||2px||true|false&#8221; hover_enabled=&#8221;0&#8243; border_width_all=&#8221;1px&#8221; border_color_all=&#8221;#158fbe&#8221; global_colors_info=&#8221;{}&#8221; sticky_enabled=&#8221;0&#8243;][et_pb_column type=&#8221;1_6&#8243; _builder_version=&#8221;4.16&#8243; _dynamic_attributes=&#8221;link_option_url&#8221; custom_padding=&#8221;40px||40px||true|false&#8221; link_option_url=&#8221;@ET-DC@eyJkeW5hbWljIjp0cnVlLCJjb250ZW50IjoicG9zdF9saW5rX3VybF9wYWdlIiwic2V0dGluZ3MiOnsicG9zdF9pZCI6IjIxMyJ9fQ==@&#8221; border_width_right=&#8221;1px&#8221; border_color_right=&#8221;#2D7CDA&#8221; global_colors_info=&#8221;{}&#8221; background__hover_enabled=&#8221;on|hover&#8221; background_color__hover=&#8221;#0070e0&#8243; background_enable_color__hover=&#8221;on&#8221;][et_pb_blurb title=&#8221;Procedure and application&#8221; url=&#8221;@ET-DC@eyJkeW5hbWljIjp0cnVlLCJjb250ZW50IjoicG9zdF9saW5rX3VybF9wYWdlIiwic2V0dGluZ3MiOnsicG9zdF9pZCI6IjIxMyJ9fQ==@&#8221; image=&#8221;https:\/\/fbi-medizintechnik.de\/wp-content\/uploads\/2020\/12\/icon-ekt.png&#8221; image_icon_width=&#8221;70px&#8221; content_max_width=&#8221;100%&#8221; module_class=&#8221;flip-box-front&#8221; _builder_version=&#8221;4.16&#8243; _dynamic_attributes=&#8221;url&#8221; header_font=&#8221;Roboto|600|||||||&#8221; header_text_align=&#8221;center&#8221; header_text_color=&#8221;#ffffff&#8221; header_font_size=&#8221;20px&#8221; header_line_height=&#8221;1.1em&#8221; custom_padding=&#8221;4px||4px||false|false&#8221; animation_style=&#8221;slide&#8221; animation_delay=&#8221;500ms&#8221; animation=&#8221;off&#8221; border_color_all=&#8221;#ffffff&#8221; image_max_width=&#8221;70px&#8221; global_colors_info=&#8221;{}&#8221;][\/et_pb_blurb][\/et_pb_column][et_pb_column type=&#8221;1_6&#8243; _builder_version=&#8221;4.16&#8243; _dynamic_attributes=&#8221;link_option_url&#8221; custom_padding=&#8221;40px||40px||false|false&#8221; link_option_url=&#8221;@ET-DC@eyJkeW5hbWljIjp0cnVlLCJjb250ZW50IjoicG9zdF9saW5rX3VybF9wYWdlIiwic2V0dGluZ3MiOnsicG9zdF9pZCI6IjIxNyJ9fQ==@&#8221; border_width_right=&#8221;1px&#8221; border_color_right=&#8221;#2D7CDA&#8221; global_colors_info=&#8221;{}&#8221; background__hover_enabled=&#8221;on|hover&#8221; background_color__hover=&#8221;#0070e0&#8243; background_enable_color__hover=&#8221;on&#8221;][et_pb_blurb title=&#8221;Products&#8221; url=&#8221;@ET-DC@eyJkeW5hbWljIjp0cnVlLCJjb250ZW50IjoicG9zdF9saW5rX3VybF9wYWdlIiwic2V0dGluZ3MiOnsicG9zdF9pZCI6IjIxNyJ9fQ==@&#8221; image=&#8221;https:\/\/fbi-medizintechnik.de\/wp-content\/uploads\/2020\/12\/icon-produkte-1.png&#8221; image_icon_width=&#8221;70px&#8221; content_max_width=&#8221;100%&#8221; module_class=&#8221;flip-box-front&#8221; _builder_version=&#8221;4.16&#8243; _dynamic_attributes=&#8221;url&#8221; header_font=&#8221;Roboto|600|||||||&#8221; header_text_align=&#8221;center&#8221; header_text_color=&#8221;#ffffff&#8221; header_font_size=&#8221;20px&#8221; header_line_height=&#8221;0em&#8221; custom_padding=&#8221;4px||4px||false|false&#8221; animation_style=&#8221;slide&#8221; animation_delay=&#8221;750ms&#8221; animation=&#8221;off&#8221; image_max_width=&#8221;70px&#8221; global_colors_info=&#8221;{}&#8221;][\/et_pb_blurb][\/et_pb_column][et_pb_column type=&#8221;1_6&#8243; _builder_version=&#8221;4.16&#8243; _dynamic_attributes=&#8221;link_option_url&#8221; custom_padding=&#8221;40px||40px||true|false&#8221; link_option_url=&#8221;@ET-DC@eyJkeW5hbWljIjp0cnVlLCJjb250ZW50IjoicG9zdF9saW5rX3VybF9wYWdlIiwic2V0dGluZ3MiOnsicG9zdF9pZCI6IjIyMCJ9fQ==@&#8221; border_width_right=&#8221;1px&#8221; border_color_right=&#8221;#2D7CDA&#8221; global_colors_info=&#8221;{}&#8221; background__hover_enabled=&#8221;on|hover&#8221; background_color__hover=&#8221;#0070e0&#8243; background_enable_color__hover=&#8221;on&#8221;][et_pb_blurb title=&#8221;Events&#8221; url=&#8221;@ET-DC@eyJkeW5hbWljIjp0cnVlLCJjb250ZW50IjoicG9zdF9saW5rX3VybF9wYWdlIiwic2V0dGluZ3MiOnsicG9zdF9pZCI6IjIyMCJ9fQ==@&#8221; image=&#8221;https:\/\/fbi-medizintechnik.de\/wp-content\/uploads\/2020\/12\/icon-termine.png&#8221; image_icon_width=&#8221;70px&#8221; content_max_width=&#8221;100%&#8221; module_class=&#8221;flip-box-front&#8221; _builder_version=&#8221;4.16&#8243; _dynamic_attributes=&#8221;url&#8221; header_font=&#8221;Roboto|600|||||||&#8221; header_text_align=&#8221;center&#8221; header_text_color=&#8221;#ffffff&#8221; header_font_size=&#8221;20px&#8221; header_line_height=&#8221;0em&#8221; custom_padding=&#8221;4px||4px||false|false&#8221; animation_style=&#8221;slide&#8221; animation_delay=&#8221;1000ms&#8221; animation=&#8221;off&#8221; image_max_width=&#8221;70px&#8221; global_colors_info=&#8221;{}&#8221;][\/et_pb_blurb][\/et_pb_column][et_pb_column type=&#8221;1_6&#8243; _builder_version=&#8221;4.17.4&#8243; _dynamic_attributes=&#8221;link_option_url&#8221; custom_padding=&#8221;40px||40px||true|false&#8221; link_option_url=&#8221;@ET-DC@eyJkeW5hbWljIjp0cnVlLCJjb250ZW50IjoicG9zdF9saW5rX3VybF9wYWdlIiwic2V0dGluZ3MiOnsicG9zdF9pZCI6IjI2MDgifX0=@&#8221; hover_enabled=&#8221;0&#8243; border_width_right=&#8221;1px&#8221; border_color_right=&#8221;#2D7CDA&#8221; global_colors_info=&#8221;{}&#8221; background__hover_enabled=&#8221;on|hover&#8221; background_color__hover=&#8221;#0070e0&#8243; background_enable_color__hover=&#8221;on&#8221; sticky_enabled=&#8221;0&#8243;][et_pb_blurb title=&#8221;Downloads and Awards&#8221; url=&#8221;@ET-DC@eyJkeW5hbWljIjp0cnVlLCJjb250ZW50IjoicG9zdF9saW5rX3VybF9wYWdlIiwic2V0dGluZ3MiOnsicG9zdF9pZCI6IjIyMCJ9fQ==@&#8221; image=&#8221;https:\/\/fbi-medizintechnik.de\/wp-content\/uploads\/2024\/04\/icon-downloads-1.png&#8221; image_icon_width=&#8221;70px&#8221; content_max_width=&#8221;100%&#8221; module_class=&#8221;flip-box-front&#8221; _builder_version=&#8221;4.17.4&#8243; _dynamic_attributes=&#8221;url&#8221; header_font=&#8221;Roboto|600|||||||&#8221; header_text_align=&#8221;center&#8221; header_text_color=&#8221;#ffffff&#8221; header_font_size=&#8221;20px&#8221; header_line_height=&#8221;0em&#8221; custom_padding=&#8221;4px||4px||false|false&#8221; animation_style=&#8221;slide&#8221; animation_delay=&#8221;1000ms&#8221; animation=&#8221;off&#8221; hover_enabled=&#8221;0&#8243; image_max_width=&#8221;70px&#8221; global_colors_info=&#8221;{}&#8221; title_text=&#8221;icon-downloads&#8221; sticky_enabled=&#8221;0&#8243;][\/et_pb_blurb][\/et_pb_column][et_pb_column type=&#8221;1_6&#8243; _builder_version=&#8221;4.16&#8243; _dynamic_attributes=&#8221;link_option_url&#8221; custom_padding=&#8221;40px||40px||true|false&#8221; link_option_url=&#8221;@ET-DC@eyJkeW5hbWljIjp0cnVlLCJjb250ZW50IjoicG9zdF9saW5rX3VybF9wYWdlIiwic2V0dGluZ3MiOnsicG9zdF9pZCI6IjIyMyJ9fQ==@&#8221; border_width_right=&#8221;1px&#8221; border_color_right=&#8221;#2D7CDA&#8221; global_colors_info=&#8221;{}&#8221; background__hover_enabled=&#8221;on|hover&#8221; background_color__hover=&#8221;#0070e0&#8243; background_enable_color__hover=&#8221;on&#8221;][et_pb_blurb title=&#8221;Distributors&#8221; url=&#8221;@ET-DC@eyJkeW5hbWljIjp0cnVlLCJjb250ZW50IjoicG9zdF9saW5rX3VybF9wYWdlIiwic2V0dGluZ3MiOnsicG9zdF9pZCI6IjIyMyJ9fQ==@&#8221; image=&#8221;https:\/\/fbi-medizintechnik.de\/wp-content\/uploads\/2020\/12\/icon-haendler.png&#8221; image_icon_width=&#8221;70px&#8221; content_max_width=&#8221;100%&#8221; module_class=&#8221;flip-box-front&#8221; _builder_version=&#8221;4.16&#8243; _dynamic_attributes=&#8221;url&#8221; header_font=&#8221;Roboto|600|||||||&#8221; header_text_align=&#8221;center&#8221; header_text_color=&#8221;#ffffff&#8221; header_font_size=&#8221;20px&#8221; header_line_height=&#8221;0em&#8221; custom_padding=&#8221;4px||4px||false|false&#8221; animation_style=&#8221;slide&#8221; animation_delay=&#8221;1250ms&#8221; animation=&#8221;off&#8221; image_max_width=&#8221;70px&#8221; global_colors_info=&#8221;{}&#8221;][\/et_pb_blurb][\/et_pb_column][et_pb_column type=&#8221;1_6&#8243; _builder_version=&#8221;4.16&#8243; _dynamic_attributes=&#8221;link_option_url&#8221; custom_padding=&#8221;40px||40px||true|false&#8221; link_option_url=&#8221;@ET-DC@eyJkeW5hbWljIjp0cnVlLCJjb250ZW50IjoicG9zdF9saW5rX3VybF9wYWdlIiwic2V0dGluZ3MiOnsicG9zdF9pZCI6IjIyNiJ9fQ==@&#8221; border_width_right=&#8221;1px&#8221; border_color_right=&#8221;#2D7CDA&#8221; global_colors_info=&#8221;{}&#8221; background__hover_enabled=&#8221;on|hover&#8221; background_color__hover=&#8221;#0070e0&#8243; background_enable_color__hover=&#8221;on&#8221;][et_pb_blurb title=&#8221;Contact&#8221; url=&#8221;@ET-DC@eyJkeW5hbWljIjp0cnVlLCJjb250ZW50IjoicG9zdF9saW5rX3VybF9wYWdlIiwic2V0dGluZ3MiOnsicG9zdF9pZCI6IjIyNiJ9fQ==@&#8221; image=&#8221;https:\/\/fbi-medizintechnik.de\/wp-content\/uploads\/2020\/12\/icon-kontakte.png&#8221; image_icon_width=&#8221;70px&#8221; content_max_width=&#8221;100%&#8221; module_class=&#8221;flip-box-front&#8221; _builder_version=&#8221;4.16&#8243; _dynamic_attributes=&#8221;url&#8221; header_font=&#8221;Roboto|600|||||||&#8221; header_text_align=&#8221;center&#8221; header_text_color=&#8221;#ffffff&#8221; header_font_size=&#8221;20px&#8221; header_line_height=&#8221;0em&#8221; custom_padding=&#8221;4px||4px||false|false&#8221; animation_style=&#8221;slide&#8221; animation_delay=&#8221;1500ms&#8221; animation=&#8221;off&#8221; image_max_width=&#8221;70px&#8221; global_colors_info=&#8221;{}&#8221;][\/et_pb_blurb][\/et_pb_column][\/et_pb_row][\/et_pb_section][et_pb_section fb_built=&#8221;1&#8243; admin_label=&#8221;section&#8221; _builder_version=&#8221;4.16&#8243; background_enable_image=&#8221;off&#8221; background_size=&#8221;contain&#8221; background_position=&#8221;center_left&#8221; custom_padding=&#8221;12px||23px|||&#8221; da_disable_devices=&#8221;off|off|off&#8221; global_colors_info=&#8221;{}&#8221; da_is_popup=&#8221;off&#8221; da_exit_intent=&#8221;off&#8221; da_has_close=&#8221;on&#8221; da_alt_close=&#8221;off&#8221; da_dark_close=&#8221;off&#8221; da_not_modal=&#8221;on&#8221; da_is_singular=&#8221;off&#8221; da_with_loader=&#8221;off&#8221; da_has_shadow=&#8221;on&#8221;][et_pb_row use_custom_gutter=&#8221;on&#8221; gutter_width=&#8221;2&#8243; make_equal=&#8221;on&#8221; admin_label=&#8221;row&#8221; _builder_version=&#8221;4.16&#8243; background_enable_image=&#8221;off&#8221; background_size=&#8221;contain&#8221; background_position=&#8221;top_right&#8221; width=&#8221;90%&#8221; width_tablet=&#8221;90%&#8221; width_phone=&#8221;90%&#8221; width_last_edited=&#8221;on|tablet&#8221; max_width=&#8221;1170px&#8221; max_width_tablet=&#8221;90%&#8221; max_width_phone=&#8221;90%&#8221; max_width_last_edited=&#8221;on|desktop&#8221; custom_padding=&#8221;0px|||||&#8221; global_colors_info=&#8221;{}&#8221;][et_pb_column type=&#8221;4_4&#8243; _builder_version=&#8221;4.16&#8243; custom_padding=&#8221;|||&#8221; animation_style=&#8221;slide&#8221; animation_delay=&#8221;500ms&#8221; global_colors_info=&#8221;{}&#8221; custom_padding__hover=&#8221;|||&#8221;][et_pb_text _builder_version=&#8221;4.16&#8243; text_font=&#8221;Roboto||||||||&#8221; text_text_color=&#8221;#374650&#8243; text_font_size=&#8221;40px&#8221; text_letter_spacing=&#8221;-1px&#8221; text_line_height=&#8221;1.2em&#8221; custom_margin=&#8221;25px||||false|false&#8221; custom_margin_tablet=&#8221;-10px||||false|false&#8221; custom_margin_phone=&#8221;-10px||||false|false&#8221; custom_margin_last_edited=&#8221;on|phone&#8221; text_font_size_tablet=&#8221;&#8221; text_font_size_phone=&#8221;30px&#8221; text_font_size_last_edited=&#8221;on|phone&#8221; global_colors_info=&#8221;{}&#8221;]<\/p>\n<div class=\"page\" title=\"Page 6\">\n<div class=\"section\">\n<div class=\"layoutArea\">\n<div class=\"column\">\n<div class=\"page\" title=\"Page 6\">\n<div class=\"section\">\n<div class=\"layoutArea\">\n<div class=\"column\">\n<p><span>Imprint<\/span><\/p>\n<\/div>\n<\/div>\n<\/div>\n<\/div>\n<\/div>\n<\/div>\n<\/div>\n<\/div>\n<p>[\/et_pb_text][et_pb_text _builder_version=&#8221;4.16&#8243; text_font=&#8221;Roboto||||||||&#8221; text_text_color=&#8221;#646464&#8243; text_font_size=&#8221;17px&#8221; text_line_height=&#8221;1.8em&#8221; custom_margin=&#8221;38px||||false|false&#8221; global_colors_info=&#8221;{}&#8221;]<\/p>\n<p><b>Address<\/b><\/p>\n<p>FBI Medizintechnik GmbH<br \/>Bergstrasse 12<br \/>82024 Taufkirchen<br \/>Tel.: +49 89 6797 143-0<br \/>Fax.: +49 89 6797 143-44<br \/><a>info@fbi-medizintechnik.de<\/a><\/p>\n<p>General Manager<br \/>Ralf Berninger<br \/>Commercial register munich \u2013 HRB 245312<br \/>VAT ID No. DE815797578<br \/>Bank account:<br \/>HYPOVEREINSBANK M\u00fcnchen, SWIFT Code (BIC) HYVEDEMMXXX<br \/>\u20ac-Konto \u2013 Nr. : 157 362 10, BLZ 700 202 70, IBAN DE08 700 202 70 0015736210<br \/>US$-Account: 157 362 11, BLZ 700 202 70, IBAN DE78 700 202 70 0015736211<\/p>\n<p><b>Urheberrecht und Rechtshinweise<\/b><\/p>\n<p><b>Urheber- und Schutzrechte<\/b><br \/>Die Inhalte unserer Webseiten, einschlie\u00dflich der Texte, Bilder, graphischen Darstellungen, Audio- und Videodateien sind \u2013 soweit dies nicht ausdr\u00fccklich anders vermerkt ist \u2013 unser Eigentum und d\u00fcrfen ohne unsere vorherige schriftliche Zustimmung nicht f\u00fcr \u00f6ffentliche oder gewerbliche Zwecke vervielf\u00e4ltigt, ver\u00e4ndert, \u00fcbertragen, wiederverwertet, neu bereitgestellt, verwertet oder auf sonstige Weise benutzt werden. Wir weisen darauf hin, dass eine Verletzung unserer Urheber- oder sonstigen Schutzrechte zivil- und\/oder strafrechtliche Konsequenzen nach sich ziehen kann.<\/p>\n<p><b>Rechtshinweise<\/b><br \/>Alle Angaben unseres Internetangebotes wurden sorgf\u00e4ltig gepr\u00fcft. Wir bem\u00fchen uns, dieses Informationsangebot stetig zu erweitern und zu aktualisieren. Eine Garantie f\u00fcr die Vollst\u00e4ndigkeit, Richtigkeit und letzte Aktualit\u00e4t kann jedoch nicht \u00fcbernommen werden. Gleiches gilt auch f\u00fcr alle anderen Webseiten, auf die mittels Hyperlink verwiesen wird. Wir erkl\u00e4ren hiermit, dass wir uns gem\u00e4\u00df Urteil 312 O 85\/98 zur Haftung f\u00fcr Links vom 12.Mai 1998 (Landgericht Hamburg) ausdr\u00fccklich von s\u00e4mtlichen Inhalten aller Links auf den folgenden Seiten distanzieren und uns diese Inhalte nicht zu Eigen machen. Der Verweis mittels Hyperlink stellt auch keine Empfehlung dieser Webseiten oder der sie betreibenden Unternehmen oder ihrer Produkte durch uns dar. Wir haben auch keinen Einfluss darauf, ob Dritte von ihrer Webseite zu unserer Webseite Links einrichten. Die Existenz solcher Links ist kein Hinweis auf eine Zusammenarbeit mit diesen Unternehmen oder eine Empfehlung Ihres Angebotes. Haftungsanspr\u00fcche, die durch die Nutzung unseres Internetangebotes verursacht werden, sind ausgeschlossen, sofern wir nicht vors\u00e4tzlich oder grob fahrl\u00e4ssig gehandelt haben. Desweiteren beh\u00e4lt sich die <b>FBI Medizintechnik GmbH<\/b> das Recht vor, \u00c4nderungen oder Erg\u00e4nzungen der bereitgestellten Informationen vorzunehmen. Inhalt und Struktur der Webseiten sind urheberrechtlich gesch\u00fctzt. Gegen eine Benutzung der auf unseren Webseiten enthaltenen Informationen zum pers\u00f6nlichen Gebrauch gibt es keine Einwendungen. Die Vervielf\u00e4ltigung von Informationen oder Daten, insbesondere die gewerbliche Verwendung von Texten, Textteilen oder Bildmaterial bedarf jedoch der vorherigen Zustimmung der <b>FBI Medizintechnik GmbH<\/b>.<\/p>\n<p>[\/et_pb_text][\/et_pb_column][\/et_pb_row][\/et_pb_section][et_pb_section fb_built=&#8221;1&#8243; admin_label=&#8221;section&#8221; _builder_version=&#8221;4.16&#8243; background_color=&#8221;#374650&#8243; background_image=&#8221;https:\/\/fbi-medizintechnik.de\/wp-content\/uploads\/2020\/12\/fbi-hintergrundwaben-blau-quer.png&#8221; background_size=&#8221;contain&#8221; background_position=&#8221;top_left&#8221; min_height=&#8221;125px&#8221; height=&#8221;139px&#8221; custom_margin=&#8221;0px||||false|false&#8221; custom_padding=&#8221;150px||150px||true|false&#8221; da_disable_devices=&#8221;off|off|off&#8221; global_colors_info=&#8221;{}&#8221; da_is_popup=&#8221;off&#8221; da_exit_intent=&#8221;off&#8221; da_has_close=&#8221;on&#8221; da_alt_close=&#8221;off&#8221; da_dark_close=&#8221;off&#8221; da_not_modal=&#8221;on&#8221; da_is_singular=&#8221;off&#8221; da_with_loader=&#8221;off&#8221; da_has_shadow=&#8221;on&#8221;][et_pb_row column_structure=&#8221;1_3,1_3,1_3&#8243; use_custom_gutter=&#8221;on&#8221; gutter_width=&#8221;2&#8243; make_equal=&#8221;on&#8221; admin_label=&#8221;row&#8221; _builder_version=&#8221;4.16&#8243; background_size=&#8221;initial&#8221; background_position=&#8221;top_left&#8221; background_repeat=&#8221;repeat&#8221; width=&#8221;90%&#8221; width_tablet=&#8221;90%&#8221; width_phone=&#8221;90%&#8221; width_last_edited=&#8221;on|tablet&#8221; max_width=&#8221;1170px&#8221; max_width_tablet=&#8221;90%&#8221; max_width_phone=&#8221;90%&#8221; max_width_last_edited=&#8221;on|desktop&#8221; height=&#8221;200px&#8221; max_height=&#8221;434px&#8221; custom_margin=&#8221;-100px||||false|false&#8221; custom_padding=&#8221;1px||1px||true|&#8221; global_colors_info=&#8221;{}&#8221;][et_pb_column type=&#8221;1_3&#8243; _builder_version=&#8221;4.16&#8243; custom_padding=&#8221;|||&#8221; global_colors_info=&#8221;{}&#8221; custom_padding__hover=&#8221;|||&#8221;][et_pb_text _builder_version=&#8221;4.16&#8243; _module_preset=&#8221;default&#8221; text_font=&#8221;Roboto||||||||&#8221; text_text_color=&#8221;#ffffff&#8221; text_font_size=&#8221;15px&#8221; global_colors_info=&#8221;{}&#8221;]<\/p>\n<p>FBI Medizintechnik GmbH<br \/> Bergstrasse 12<br \/> 82024 Taufkirchen<\/p>\n<p>[\/et_pb_text][\/et_pb_column][et_pb_column type=&#8221;1_3&#8243; _builder_version=&#8221;4.16&#8243; custom_padding=&#8221;|||&#8221; global_colors_info=&#8221;{}&#8221; custom_padding__hover=&#8221;|||&#8221;][et_pb_text _builder_version=&#8221;4.16&#8243; _module_preset=&#8221;default&#8221; text_font=&#8221;Roboto||||||||&#8221; text_text_color=&#8221;#ffffff&#8221; text_font_size=&#8221;15px&#8221; global_colors_info=&#8221;{}&#8221;]<\/p>\n<p><span>Tel.: +49 89 6797 143-0<\/span><br \/> <span>Fax.: +49 89 6797 143-44<\/span><br \/> <span>info@fbi-medizintechnik.de<\/span><\/p>\n<p>[\/et_pb_text][\/et_pb_column][et_pb_column type=&#8221;1_3&#8243; _builder_version=&#8221;4.16&#8243; custom_padding=&#8221;|||&#8221; global_colors_info=&#8221;{}&#8221; custom_padding__hover=&#8221;|||&#8221;][et_pb_image src=&#8221;https:\/\/fbi-medizintechnik.de\/wp-content\/uploads\/2020\/12\/fbi-logo-weiss.png&#8221; title_text=&#8221;fbi-logo-weiss&#8221; _builder_version=&#8221;4.16&#8243; _module_preset=&#8221;default&#8221; width=&#8221;85%&#8221; global_colors_info=&#8221;{}&#8221;][\/et_pb_image][\/et_pb_column][\/et_pb_row][\/et_pb_section]<\/p>\n","protected":false},"excerpt":{"rendered":"<p>\u00bbInnovative technology for your patient\u2019s outcome\u00ab Imprint Address FBI Medizintechnik GmbHBergstrasse 1282024 TaufkirchenTel.: +49 89 6797 143-0Fax.: +49 89 6797 143-44info@fbi-medizintechnik.de General ManagerRalf BerningerCommercial register munich \u2013 HRB 245312VAT ID No. DE815797578Bank account:HYPOVEREINSBANK M\u00fcnchen, SWIFT Code (BIC) HYVEDEMMXXX\u20ac-Konto \u2013 Nr. : 157 362 10, BLZ 700 202 70, IBAN DE08 700 202 70 0015736210US$-Account: 157 [&hellip;]<\/p>\n","protected":false},"author":1,"featured_media":0,"parent":0,"menu_order":0,"comment_status":"closed","ping_status":"closed","template":"","meta":{"_et_pb_use_builder":"on","_et_pb_old_content":"","_et_gb_content_width":"","footnotes":""},"class_list":["post-2246","page","type-page","status-publish","hentry"],"_links":{"self":[{"href":"https:\/\/fbi-medizintechnik.de\/en\/wp-json\/wp\/v2\/pages\/2246","targetHints":{"allow":["GET"]}}],"collection":[{"href":"https:\/\/fbi-medizintechnik.de\/en\/wp-json\/wp\/v2\/pages"}],"about":[{"href":"https:\/\/fbi-medizintechnik.de\/en\/wp-json\/wp\/v2\/types\/page"}],"author":[{"embeddable":true,"href":"https:\/\/fbi-medizintechnik.de\/en\/wp-json\/wp\/v2\/users\/1"}],"replies":[{"embeddable":true,"href":"https:\/\/fbi-medizintechnik.de\/en\/wp-json\/wp\/v2\/comments?post=2246"}],"version-history":[{"count":3,"href":"https:\/\/fbi-medizintechnik.de\/en\/wp-json\/wp\/v2\/pages\/2246\/revisions"}],"predecessor-version":[{"id":2790,"href":"https:\/\/fbi-medizintechnik.de\/en\/wp-json\/wp\/v2\/pages\/2246\/revisions\/2790"}],"wp:attachment":[{"href":"https:\/\/fbi-medizintechnik.de\/en\/wp-json\/wp\/v2\/media?parent=2246"}],"curies":[{"name":"wp","href":"https:\/\/api.w.org\/{rel}","templated":true}]}}